{"id":7861,"date":"2024-06-04T04:21:47","date_gmt":"2024-06-04T04:21:47","guid":{"rendered":"https:\/\/visitmaca.com\/reservas-anticipadas\/"},"modified":"2026-03-16T23:05:07","modified_gmt":"2026-03-16T23:05:07","slug":"reservas-anticipadas","status":"publish","type":"page","link":"https:\/\/visitmaca.com\/es\/reservas-anticipadas\/","title":{"rendered":"Reservas anticipadas"},"content":{"rendered":"\t\t<div data-elementor-type=\"wp-page\" data-elementor-id=\"7861\" class=\"elementor elementor-7861 elementor-6461\">\n\t\t\t\t\t\t<section class=\"elementor-section elementor-top-section elementor-element elementor-element-53db7b61 elementor-section-stretched elementor-section-height-min-height elementor-section-content-middle elementor-section-boxed elementor-section-height-default elementor-section-items-middle\" data-id=\"53db7b61\" data-element_type=\"section\" data-settings=\"{&quot;stretch_section&quot;:&quot;section-stretched&quot;,&quot;background_background&quot;:&quot;classic&quot;}\">\n\t\t\t\t\t\t<div class=\"elementor-container elementor-column-gap-extended\">\n\t\t\t\t\t<div class=\"elementor-column elementor-col-100 elementor-top-column elementor-element elementor-element-18603dbb sc_inner_width_none sc_content_align_inherit sc_layouts_column_icons_position_left\" data-id=\"18603dbb\" data-element_type=\"column\">\n\t\t\t<div class=\"elementor-widget-wrap elementor-element-populated\">\n\t\t\t\t\t\t<div class=\"elementor-element elementor-element-12263075 animation_type_block sc_fly_static elementor-widget elementor-widget-trx_sc_title\" data-id=\"12263075\" data-element_type=\"widget\" data-widget_type=\"trx_sc_title.default\">\n\t\t\t\t<div class=\"elementor-widget-container\">\n\t\t\t\t\t<div id=\"trx_sc_title_1375273611\"\n\t\tclass=\"sc_title sc_title_extra\"><h1 class=\"sc_item_title sc_title_title sc_align_center sc_item_title_style_extra sc_item_title_tag\"><span class=\"sc_item_title_text\">Reserva tu visita<\/span><\/h1><div class=\"sc_item_descr sc_title_descr sc_align_center\"><p>Apertura en 2026. Prerreservas ya disponibles.<\/p>\n<p>En esta fase, M.A.C.A. se encuentra en preparaci\u00f3n para su apertura al p\u00fablico en 2026. Las prerreservas son gratuitas y permiten organizar futuras visitas, individuales o en grupo, de forma anticipada.<\/p>\n<\/div><\/div><!-- \/.sc_title -->\t\t\t\t<\/div>\n\t\t\t\t<\/div>\n\t\t\t\t\t<\/div>\n\t\t<\/div>\n\t\t\t\t\t<\/div>\n\t\t<\/section>\n\t\t\t\t<section class=\"elementor-section elementor-top-section elementor-element elementor-element-efb3fae elementor-section-stretched elementor-section-boxed elementor-section-height-default elementor-section-height-default\" data-id=\"efb3fae\" data-element_type=\"section\" data-settings=\"{&quot;stretch_section&quot;:&quot;section-stretched&quot;}\">\n\t\t\t\t\t\t<div class=\"elementor-container elementor-column-gap-extended\">\n\t\t\t\t\t<div class=\"elementor-column elementor-col-100 elementor-top-column elementor-element elementor-element-98ddd07 sc_inner_width_none sc_content_align_inherit sc_layouts_column_icons_position_left\" data-id=\"98ddd07\" data-element_type=\"column\">\n\t\t\t<div class=\"elementor-widget-wrap elementor-element-populated\">\n\t\t\t\t\t\t<section class=\"elementor-section elementor-inner-section elementor-element elementor-element-a650ab9 elementor-section-boxed elementor-section-height-default elementor-section-height-default\" data-id=\"a650ab9\" data-element_type=\"section\">\n\t\t\t\t\t\t<div class=\"elementor-container elementor-column-gap-extended\">\n\t\t\t\t\t<div class=\"elementor-column elementor-col-50 elementor-inner-column elementor-element elementor-element-50ab172 sc_inner_width_none sc_content_align_inherit sc_layouts_column_icons_position_left\" data-id=\"50ab172\" data-element_type=\"column\">\n\t\t\t<div class=\"elementor-widget-wrap elementor-element-populated\">\n\t\t\t\t\t\t<div class=\"elementor-element elementor-element-e1c8c51 animation_type_block sc_fly_static elementor-widget elementor-widget-text-editor\" data-id=\"e1c8c51\" data-element_type=\"widget\" data-widget_type=\"text-editor.default\">\n\t\t\t\t<div class=\"elementor-widget-container\">\n\t\t\t\t\t\t\t\t\t<h4 style=\"text-align: center;\"><strong>\u00bfPor qu\u00e9 hacer una prerreserva?<\/strong><\/h4><p><span class=\"trx_addons_accent\"><strong>Gratuita:<\/strong><\/span> La prerreserva no tiene ning\u00fan coste en esta fase.<\/p><p><span class=\"trx_addons_accent\"><strong>Prioridad:<\/strong><\/span> Con capacidad limitada por sesi\u00f3n, permite se\u00f1alar tu inter\u00e9s con antelaci\u00f3n.<\/p><p><span class=\"trx_addons_accent\"><strong>Experiencia \u00fanica:<\/strong><\/span> M.A.C.A. ofrece un recorrido inmersivo entre planetario, arte, ciencia y sostenibilidad.\u00a0<\/p><p><span class=\"trx_addons_accent\"><strong>Planificaci\u00f3n:<\/strong><\/span> Una soluci\u00f3n pr\u00e1ctica para quienes desean organizar futuras visitas individuales o en grupo.<\/p>\t\t\t\t\t\t\t\t<\/div>\n\t\t\t\t<\/div>\n\t\t\t\t<div class=\"elementor-element elementor-element-dec285e animation_type_block sc_fly_static elementor-widget elementor-widget-text-editor\" data-id=\"dec285e\" data-element_type=\"widget\" data-widget_type=\"text-editor.default\">\n\t\t\t\t<div class=\"elementor-widget-container\">\n\t\t\t\t\t\t\t\t\t<h4 style=\"text-align: center;\"><strong>\u00bfC\u00f3mo hacer la prerreserva?<\/strong><\/h4><p>Es simple y r\u00e1pido. Rellena el formulario al lado con la fecha deseada y el n\u00famero de participantes. Tu solicitud quedar\u00e1 registrada y ser\u00e1 analizada por el equipo de M.A.C.A. en cuanto la agenda de visitas est\u00e9 disponible.\u00a0<\/p><p>Si representas a un grupo escolar, una universidad o una entidad colaboradora, indica esa informaci\u00f3n en el campo de comentarios para facilitar la gesti\u00f3n de la solicitud.<\/p>\t\t\t\t\t\t\t\t<\/div>\n\t\t\t\t<\/div>\n\t\t\t\t<div class=\"elementor-element elementor-element-492cf1a animation_type_block sc_fly_static elementor-widget elementor-widget-text-editor\" data-id=\"492cf1a\" data-element_type=\"widget\" data-widget_type=\"text-editor.default\">\n\t\t\t\t<div class=\"elementor-widget-container\">\n\t\t\t\t\t\t\t\t\t<h4 style=\"text-align: center;\"><strong>Descubre los universos de M.A.C.A.<\/strong><\/h4><p><span class=\"trx_addons_accent\"><strong style=\"font-size: 1rem;\">Planetario:<\/strong><\/span><span style=\"font-size: 1rem;\"> Una experiencia fulldome inmersiva donde el arte, la ciencia y el cosmos se encuentran en proyecciones de gran impacto visual.\u00a0<\/span><\/p><p><span class=\"trx_addons_accent\"><strong style=\"font-size: 1rem;\">Alambix:<\/strong><\/span><span style=\"font-size: 1rem;\"> Un espacio de inmersi\u00f3n audiovisual de 360\u00ba, pensado para despertar curiosidad, emoci\u00f3n y descubrimiento.<\/span><\/p><p><span class=\"trx_addons_accent\"><strong style=\"font-size: 1rem;\">Vegetarium:<\/strong><\/span><span style=\"font-size: 1rem;\"> Un \u00e1rea dedicada a la naturaleza, la sostenibilidad y la innovaci\u00f3n, con enfoque en un huerto inteligente y robotizado.<\/span><\/p>\t\t\t\t\t\t\t\t<\/div>\n\t\t\t\t<\/div>\n\t\t\t\t<div class=\"elementor-element elementor-element-3554384 animation_type_block sc_fly_static elementor-widget elementor-widget-text-editor\" data-id=\"3554384\" data-element_type=\"widget\" data-widget_type=\"text-editor.default\">\n\t\t\t\t<div class=\"elementor-widget-container\">\n\t\t\t\t\t\t\t\t\t<h4 style=\"text-align: center;\"><strong>Haz ya tu prerreserva<\/strong><\/h4><p>Asegura desde ahora tu inter\u00e9s en visitar M.A.C.A. y prep\u00e1rate para descubrir una experiencia \u00fanica donde el arte, la ciencia y la tecnolog\u00eda se encuentran de forma inmersiva.<\/p><p style=\"text-align: center;\"><span class=\"trx_addons_accent\"><strong>M.A.C.A. \u2014 un nuevo espacio para explorar, descubrir e imaginar.<\/strong><\/span><\/p>\t\t\t\t\t\t\t\t<\/div>\n\t\t\t\t<\/div>\n\t\t\t\t\t<\/div>\n\t\t<\/div>\n\t\t\t\t<div class=\"elementor-column elementor-col-50 elementor-inner-column elementor-element elementor-element-c792350 sc_inner_width_none sc_content_align_inherit sc_layouts_column_icons_position_left\" data-id=\"c792350\" data-element_type=\"column\">\n\t\t\t<div class=\"elementor-widget-wrap elementor-element-populated\">\n\t\t\t\t\t\t<div class=\"elementor-element elementor-element-ca5bc7d animation_type_block sc_fly_static elementor-widget elementor-widget-spacer\" data-id=\"ca5bc7d\" data-element_type=\"widget\" data-widget_type=\"spacer.default\">\n\t\t\t\t<div class=\"elementor-widget-container\">\n\t\t\t\t\t\t\t<div class=\"elementor-spacer\">\n\t\t\t<div class=\"elementor-spacer-inner\"><\/div>\n\t\t<\/div>\n\t\t\t\t\t\t<\/div>\n\t\t\t\t<\/div>\n\t\t\t\t<div class=\"elementor-element elementor-element-f849646 animation_type_block sc_fly_static elementor-widget elementor-widget-shortcode\" data-id=\"f849646\" data-element_type=\"widget\" data-widget_type=\"shortcode.default\">\n\t\t\t\t<div class=\"elementor-widget-container\">\n\t\t\t\t\t\t\t<div class=\"elementor-shortcode\"> <div id=\"form_id693376526700\" class=\"wpbc_container wpbc_form wpbc_container_booking_form \" ><form id=\"booking_form1\" class=\"booking_form vertical\" method=\"post\" action=\"\"><div id=\"ajax_respond_insert1\" class=\"ajax_respond_insert\" style=\"display:none;\"><\/div><a name=\"bklnk1\" id=\"bklnk1\"><\/a><div id=\"booking_form_div1\" class=\"booking_form_div\"><style type=\"text\/css\">.wpbc_container_booking_form .block_hints, .wpbc_booking_form_simple.wpbc_form_center .wpbc__form__div .wpbc__row.wpbc_r_calendar, .wpbc_booking_form_simple .wpbc__form__div .wpbc__row:not(.wpbc_r_calendar){max-width:440px;} <\/style>\n<div class=\"wpbc_booking_form_simple \">\n<div class=\"wpbc__form__div\">\n\t\t\t<div class=\"wpbc_r_calendar wpbc__row\">\n\t\t\t\t<div class=\"wpbc_r_calendar wpbc__field\"> <label><\/label><br><div class=\"wpbc_calendar_wraper wpbc_change_over_triangle wpbc_calendar_skin_legacy\"><div class=\"wpbc_cal_container bk_calendar_frame wpbc_no_custom_width  months_num_in_row_ cal_month_num_1\" style=\"\"><div id=\"calendar_booking1\"  class=\"wpbc_calendar_id_1\" >\t<div class=\"calendar_loader_frame calendar_loader_frame1\"\r\n\t\tdata-wpbc-rid=\"1\"\r\n\t\tdata-wpbc-grace=\"8000\"\r\n\t\tstyle=\"--wpbc-loader-cols: 1;\"\r\n\t>\r\n\t\t<div class=\"calendar_loader_text\">Cargando...<\/div>\r\n\t\t<div class=\"calendar_loader_frame__progress_line_container\">\r\n\t\t\t<div class=\"calendar_loader_frame__progress_line\"><\/div>\r\n\t\t<\/div>\r\n\t<\/div>\r\n\t<\/div><\/div><div style=\"font-size:7px;text-align:left;margin:0 0 10px;text-shadow: none;\">Powered by <a href=\"https:\/\/wpbookingcalendar.com\" style=\"font-size:7px;\" target=\"_blank\" title=\"Booking Calendar plugin for WordPress\">Booking Calendar<\/a><\/div><textarea id=\"date_booking1\" name=\"date_booking1\" autocomplete=\"off\" style=\"display:none;\"><\/textarea><div class=\"block_hints datepick \"><div class=\"wpdev_hint_with_text\"><div class=\"\"><div class=\"datepick-inline wpbc_calendar_legend_table_width_height\"><table class=\"datepick wpbc_calendar\" style=\"\"><tbody><tr><td class=\"datepick-days-cell date_available wpbc_calendar_legend_day_cell_height\"><div class=\"wpbc-cell-box\">\t<div class=\"date-cell-content\">\t\t<div class=\"date-content-top\"><\/div>\t\t<a>&nbsp;<\/a>\t\t<div class=\"date-content-bottom\"><\/div>\t<\/div><\/div><\/td><\/tr><\/tbody><\/table><\/div><\/div><div class=\"block_text\">- <\/div><div class=\"block_text\">Dispon\u00edvel<\/div><\/div><div class=\"wpdev_hint_with_text\"><div class=\"\"><div class=\"datepick-inline wpbc_calendar_legend_table_width_height\"><table class=\"datepick wpbc_calendar\" style=\"\"><tbody><tr><td class=\"datepick-days-cell datepick-unselectable date_user_unavailable full_day_booking date_approved wpbc_calendar_legend_day_cell_height\"><div class=\"wpbc-cell-box\">\t<div class=\"date-cell-content\">\t\t<div class=\"date-content-top\"><\/div>\t\t<span>&nbsp;<\/span>\t\t<div class=\"date-content-bottom\"><\/div>\t<\/div><\/div><\/td><\/tr><\/tbody><\/table><\/div><\/div><div class=\"block_text\">- <\/div><div class=\"block_text\">Ocupado<\/div><\/div><div class=\"wpdev_hint_with_text\"><div class=\"\"><div class=\"datepick-inline wpbc_calendar_legend_table_width_height\"><table class=\"datepick wpbc_calendar\" style=\"\"><tbody><tr><td class=\"datepick-days-cell datepick-unselectable date_user_unavailable full_day_booking date2approve wpbc_calendar_legend_day_cell_height\"><div class=\"wpbc-cell-box\">\t<div class=\"date-cell-content\">\t\t<div class=\"date-content-top\"><\/div>\t\t<span>&nbsp;<\/span>\t\t<div class=\"date-content-bottom\"><\/div>\t<\/div><\/div><\/td><\/tr><\/tbody><\/table><\/div><\/div><div class=\"block_text\">- <\/div><div class=\"block_text\">Pendente<\/div><\/div><\/div><\/div> <\/div>\n\t\t\t<\/div>\n\t\t\t<div class=\"wpbc__row\">\n\t\t\t\t<div class=\"wpbc_r_email wpbc__field\"> <label>Email*<\/label><br><span class=\"wpbc_wrap_text wpdev-form-control-wrap email1\"><input type=\"email\" name=\"email1\" value=\"\" autocomplete=\"email\" class=\"wpdev-validates-as-email wpdev-validates-as-required\" size=\"40\" \/><\/span> <\/div>\n\n\t\t\t\t<div class=\"wpbc_r_rangetime wpbc__field\"> <label>Hor\u00e1rio*<\/label><br><span class=\"wpbc_wrap_select wpdev-form-control-wrap rangetime1\"><select onchange=\"javascript:if(typeof( wpbc_show_cost_hints_after_few_seconds )=='function'){wpbc_show_cost_hints_after_few_seconds(1);}\" name=\"rangetime1\" autocomplete=\"rangetime\" class=\"wpdev-validates-as-required\"><option value=\"10:00 - 12:00\">10:00 AM - 12:00 PM<\/option><option value=\"14:00 - 16:00\">2:00 PM - 4:00 PM<\/option><\/select><\/span> <\/div>\n\t\t\t<\/div>\n\t\t\t<div class=\"wpbc__row\">\n\t\t\t\t<div class=\"wpbc_r_name wpbc__field\"> <label>Nome*<\/label><br><span class=\"wpbc_wrap_text wpdev-form-control-wrap name1\"><input type=\"text\" name=\"name1\" value=\"\" autocomplete=\"name\" class=\"wpdev-validates-as-required\" size=\"40\" \/><\/span> <\/div>\n\n\t\t\t\t<div class=\"wpbc_r_espaco wpbc__field\"> <label>Espa\u00e7o*<\/label><br><span class=\"wpbc_wrap_select wpdev-form-control-wrap espaco1\"><select onchange=\"javascript:if(typeof( wpbc_show_cost_hints_after_few_seconds )=='function'){wpbc_show_cost_hints_after_few_seconds(1);}\" name=\"espaco1\" autocomplete=\"espaco\" class=\"wpdev-validates-as-required\"><option value=\"Experi\u00eancia TOTAL (Planetarium + Alambix - Vegetarium)\">Experi\u00eancia TOTAL (Planetarium + Alambix - Vegetarium)<\/option><\/select><\/span> <\/div>\n\t\t\t<\/div>\n\t\t\t<div class=\"wpbc__row\">\n\t\t\t\t<div class=\"wpbc_r_visitors wpbc__field\"> <label>Tamanho do grupo*<\/label><br><span class=\"wpbc_wrap_select wpdev-form-control-wrap visitors1\"><select onchange=\"javascript:if(typeof( wpbc_show_cost_hints_after_few_seconds )=='function'){wpbc_show_cost_hints_after_few_seconds(1);}\" name=\"visitors1\" autocomplete=\"visitors\" class=\"wpdev-validates-as-required\"><option value=\"1\">1<\/option><option value=\"2\">2<\/option><option value=\"3\">3<\/option><option value=\"4\">4<\/option><option value=\"5\">5<\/option><option value=\"6\">6<\/option><option value=\"7\">7<\/option><option value=\"8\">8<\/option><option value=\"9\">9<\/option><option value=\"10\">10<\/option><option value=\"11\">11<\/option><option value=\"12\">12<\/option><option value=\"13\">13<\/option><option value=\"14\">14<\/option><option value=\"15\">15<\/option><option value=\"16\">16<\/option><option value=\"17\">17<\/option><option value=\"18\">18<\/option><option value=\"19\">19<\/option><option value=\"20\">20<\/option><\/select><\/span> <\/div>\n\n\t\t\t\t<div class=\"wpbc_r_phone wpbc__field\"> <label>Telefone<\/label><br><span class=\"wpbc_wrap_text wpdev-form-control-wrap phone1\"><input type=\"text\" name=\"phone1\" value=\"\" autocomplete=\"phone\" size=\"40\" \/><\/span> <\/div>\n\t\t\t<\/div>\n\t\t\t<div class=\"wpbc__row\">\n\t\t\t\t<div class=\"wpbc_r_details wpbc__field\"> <label>Coment\u00e1rio<\/label><br><span class=\"wpbc_wrap_textarea wpdev-form-control-wrap details1\"><textarea name=\"details1\" autocomplete=\"details\"><\/textarea><\/span> <\/div>\n\t\t\t<\/div>\n\t\t\t<div class=\"wpbc__row\">\n\t\t\t\t<div class=\"wpbc_r_submit wpbc__field\"><input type=\"button\" value=\"Send\" class=\"wpbc_button_light  btn btn\" onclick=\"wpbc_booking_form_submit(this.form,1, 'es_ES');\" \/> <\/div>\n\t\t\t<\/div>\n<\/div>\n<\/div><input id=\"bk_type1\" name=\"bk_type1\" class=\"\" type=\"hidden\" value=\"1\" \/><\/div><div id=\"submiting1\"><\/div><div class=\"form_bk_messages\" id=\"form_bk_messages1\" ><\/div><input type=\"hidden\" id=\"wpbc_nonceCALCULATE_THE_COST1\" name=\"wpbc_nonceCALCULATE_THE_COST1\" value=\"70352480c7\" \/><input type=\"hidden\" name=\"_wp_http_referer\" value=\"\/es\/wp-json\/wp\/v2\/pages\/7861\" \/><\/form><\/div><div id=\"booking_form_garbage1\" class=\"booking_form_garbage\"><\/div> <\/div>\n\t\t\t\t\t\t<\/div>\n\t\t\t\t<\/div>\n\t\t\t\t\t<\/div>\n\t\t<\/div>\n\t\t\t\t\t<\/div>\n\t\t<\/section>\n\t\t\t\t<div class=\"elementor-element elementor-element-3fc64f5 animation_type_block sc_fly_static elementor-widget elementor-widget-spacer\" data-id=\"3fc64f5\" data-element_type=\"widget\" data-widget_type=\"spacer.default\">\n\t\t\t\t<div class=\"elementor-widget-container\">\n\t\t\t\t\t\t\t<div class=\"elementor-spacer\">\n\t\t\t<div class=\"elementor-spacer-inner\"><\/div>\n\t\t<\/div>\n\t\t\t\t\t\t<\/div>\n\t\t\t\t<\/div>\n\t\t\t\t\t<\/div>\n\t\t<\/div>\n\t\t\t\t\t<\/div>\n\t\t<\/section>\n\t\t\t\t<\/div>\n\t\t","protected":false},"excerpt":{"rendered":"<p>Reserva tu visita Apertura en 2026. Prerreservas ya disponibles. En esta fase, M.A.C.A. se encuentra en preparaci\u00f3n para su apertura al p\u00fablico en 2026. Las prerreservas son gratuitas y permiten organizar futuras visitas, individuales o en grupo, de forma anticipada. \u00bfPor qu\u00e9 hacer una prerreserva?&hellip;<\/p>\n","protected":false},"author":1,"featured_media":0,"parent":0,"menu_order":0,"comment_status":"closed","ping_status":"closed","template":"","meta":{"footnotes":""},"class_list":["post-7861","page","type-page","status-publish","hentry"],"yoast_head":"<!-- This site is optimized with the Yoast SEO plugin v27.1.1 - https:\/\/yoast.com\/product\/yoast-seo-wordpress\/ -->\n<title>Reservas anticipadas - M.A.C.A.<\/title>\n<meta name=\"robots\" content=\"index, follow, max-snippet:-1, max-image-preview:large, max-video-preview:-1\" \/>\n<link rel=\"canonical\" href=\"https:\/\/visitmaca.com\/es\/reservas-anticipadas\/\" \/>\n<meta property=\"og:locale\" content=\"es_ES\" \/>\n<meta property=\"og:type\" content=\"article\" \/>\n<meta property=\"og:title\" content=\"Reservas anticipadas - M.A.C.A.\" \/>\n<meta property=\"og:description\" content=\"Reserva tu visita Apertura en 2026. Prerreservas ya disponibles. En esta fase, M.A.C.A. se encuentra en preparaci\u00f3n para su apertura al p\u00fablico en 2026. Las prerreservas son gratuitas y permiten organizar futuras visitas, individuales o en grupo, de forma anticipada. \u00bfPor qu\u00e9 hacer una prerreserva?&hellip;\" \/>\n<meta property=\"og:url\" content=\"https:\/\/visitmaca.com\/es\/reservas-anticipadas\/\" \/>\n<meta property=\"og:site_name\" content=\"M.A.C.A.\" \/>\n<meta property=\"article:modified_time\" content=\"2026-03-16T23:05:07+00:00\" \/>\n<meta name=\"twitter:card\" content=\"summary_large_image\" \/>\n<meta name=\"twitter:label1\" content=\"Tiempo de lectura\" \/>\n\t<meta name=\"twitter:data1\" content=\"2 minutos\" \/>\n<script type=\"application\/ld+json\" class=\"yoast-schema-graph\">{\"@context\":\"https:\/\/schema.org\",\"@graph\":[{\"@type\":\"WebPage\",\"@id\":\"https:\/\/visitmaca.com\/es\/reservas-anticipadas\/\",\"url\":\"https:\/\/visitmaca.com\/es\/reservas-anticipadas\/\",\"name\":\"Reservas anticipadas - M.A.C.A.\",\"isPartOf\":{\"@id\":\"https:\/\/visitmaca.com\/es\/#website\"},\"datePublished\":\"2024-06-04T04:21:47+00:00\",\"dateModified\":\"2026-03-16T23:05:07+00:00\",\"breadcrumb\":{\"@id\":\"https:\/\/visitmaca.com\/es\/reservas-anticipadas\/#breadcrumb\"},\"inLanguage\":\"es\",\"potentialAction\":[{\"@type\":\"ReadAction\",\"target\":[\"https:\/\/visitmaca.com\/es\/reservas-anticipadas\/\"]}]},{\"@type\":\"BreadcrumbList\",\"@id\":\"https:\/\/visitmaca.com\/es\/reservas-anticipadas\/#breadcrumb\",\"itemListElement\":[{\"@type\":\"ListItem\",\"position\":1,\"name\":\"Home\",\"item\":\"https:\/\/visitmaca.com\/es\/\"},{\"@type\":\"ListItem\",\"position\":2,\"name\":\"Reservas anticipadas\"}]},{\"@type\":\"WebSite\",\"@id\":\"https:\/\/visitmaca.com\/es\/#website\",\"url\":\"https:\/\/visitmaca.com\/es\/\",\"name\":\"M.A.C.A.\",\"description\":\"MiniPark Artes &amp; Ci\u00eancias d&#039;Almeida\",\"publisher\":{\"@id\":\"https:\/\/visitmaca.com\/es\/#organization\"},\"potentialAction\":[{\"@type\":\"SearchAction\",\"target\":{\"@type\":\"EntryPoint\",\"urlTemplate\":\"https:\/\/visitmaca.com\/es\/?s={search_term_string}\"},\"query-input\":{\"@type\":\"PropertyValueSpecification\",\"valueRequired\":true,\"valueName\":\"search_term_string\"}}],\"inLanguage\":\"es\"},{\"@type\":\"Organization\",\"@id\":\"https:\/\/visitmaca.com\/es\/#organization\",\"name\":\"M.A.C.A.\",\"url\":\"https:\/\/visitmaca.com\/es\/\",\"logo\":{\"@type\":\"ImageObject\",\"inLanguage\":\"es\",\"@id\":\"https:\/\/visitmaca.com\/es\/#\/schema\/logo\/image\/\",\"url\":\"https:\/\/visitmaca.com\/wp-content\/uploads\/2024\/06\/cropped-LogoSmall.png\",\"contentUrl\":\"https:\/\/visitmaca.com\/wp-content\/uploads\/2024\/06\/cropped-LogoSmall.png\",\"width\":400,\"height\":96,\"caption\":\"M.A.C.A.\"},\"image\":{\"@id\":\"https:\/\/visitmaca.com\/es\/#\/schema\/logo\/image\/\"}}]}<\/script>\n<!-- \/ Yoast SEO plugin. -->","yoast_head_json":{"title":"Reservas anticipadas - M.A.C.A.","robots":{"index":"index","follow":"follow","max-snippet":"max-snippet:-1","max-image-preview":"max-image-preview:large","max-video-preview":"max-video-preview:-1"},"canonical":"https:\/\/visitmaca.com\/es\/reservas-anticipadas\/","og_locale":"es_ES","og_type":"article","og_title":"Reservas anticipadas - M.A.C.A.","og_description":"Reserva tu visita Apertura en 2026. Prerreservas ya disponibles. En esta fase, M.A.C.A. se encuentra en preparaci\u00f3n para su apertura al p\u00fablico en 2026. Las prerreservas son gratuitas y permiten organizar futuras visitas, individuales o en grupo, de forma anticipada. \u00bfPor qu\u00e9 hacer una prerreserva?&hellip;","og_url":"https:\/\/visitmaca.com\/es\/reservas-anticipadas\/","og_site_name":"M.A.C.A.","article_modified_time":"2026-03-16T23:05:07+00:00","twitter_card":"summary_large_image","twitter_misc":{"Tiempo de lectura":"2 minutos"},"schema":{"@context":"https:\/\/schema.org","@graph":[{"@type":"WebPage","@id":"https:\/\/visitmaca.com\/es\/reservas-anticipadas\/","url":"https:\/\/visitmaca.com\/es\/reservas-anticipadas\/","name":"Reservas anticipadas - M.A.C.A.","isPartOf":{"@id":"https:\/\/visitmaca.com\/es\/#website"},"datePublished":"2024-06-04T04:21:47+00:00","dateModified":"2026-03-16T23:05:07+00:00","breadcrumb":{"@id":"https:\/\/visitmaca.com\/es\/reservas-anticipadas\/#breadcrumb"},"inLanguage":"es","potentialAction":[{"@type":"ReadAction","target":["https:\/\/visitmaca.com\/es\/reservas-anticipadas\/"]}]},{"@type":"BreadcrumbList","@id":"https:\/\/visitmaca.com\/es\/reservas-anticipadas\/#breadcrumb","itemListElement":[{"@type":"ListItem","position":1,"name":"Home","item":"https:\/\/visitmaca.com\/es\/"},{"@type":"ListItem","position":2,"name":"Reservas anticipadas"}]},{"@type":"WebSite","@id":"https:\/\/visitmaca.com\/es\/#website","url":"https:\/\/visitmaca.com\/es\/","name":"M.A.C.A.","description":"MiniPark Artes &amp; Ci\u00eancias d&#039;Almeida","publisher":{"@id":"https:\/\/visitmaca.com\/es\/#organization"},"potentialAction":[{"@type":"SearchAction","target":{"@type":"EntryPoint","urlTemplate":"https:\/\/visitmaca.com\/es\/?s={search_term_string}"},"query-input":{"@type":"PropertyValueSpecification","valueRequired":true,"valueName":"search_term_string"}}],"inLanguage":"es"},{"@type":"Organization","@id":"https:\/\/visitmaca.com\/es\/#organization","name":"M.A.C.A.","url":"https:\/\/visitmaca.com\/es\/","logo":{"@type":"ImageObject","inLanguage":"es","@id":"https:\/\/visitmaca.com\/es\/#\/schema\/logo\/image\/","url":"https:\/\/visitmaca.com\/wp-content\/uploads\/2024\/06\/cropped-LogoSmall.png","contentUrl":"https:\/\/visitmaca.com\/wp-content\/uploads\/2024\/06\/cropped-LogoSmall.png","width":400,"height":96,"caption":"M.A.C.A."},"image":{"@id":"https:\/\/visitmaca.com\/es\/#\/schema\/logo\/image\/"}}]}},"_links":{"self":[{"href":"https:\/\/visitmaca.com\/es\/wp-json\/wp\/v2\/pages\/7861","targetHints":{"allow":["GET"]}}],"collection":[{"href":"https:\/\/visitmaca.com\/es\/wp-json\/wp\/v2\/pages"}],"about":[{"href":"https:\/\/visitmaca.com\/es\/wp-json\/wp\/v2\/types\/page"}],"author":[{"embeddable":true,"href":"https:\/\/visitmaca.com\/es\/wp-json\/wp\/v2\/users\/1"}],"replies":[{"embeddable":true,"href":"https:\/\/visitmaca.com\/es\/wp-json\/wp\/v2\/comments?post=7861"}],"version-history":[{"count":0,"href":"https:\/\/visitmaca.com\/es\/wp-json\/wp\/v2\/pages\/7861\/revisions"}],"wp:attachment":[{"href":"https:\/\/visitmaca.com\/es\/wp-json\/wp\/v2\/media?parent=7861"}],"curies":[{"name":"wp","href":"https:\/\/api.w.org\/{rel}","templated":true}]}}